{"id":13,"date":"2022-03-03T18:51:14","date_gmt":"2022-03-03T17:51:14","guid":{"rendered":"https:\/\/rezet.kozitiv.hu\/?page_id=13"},"modified":"2022-03-06T03:44:43","modified_gmt":"2022-03-06T02:44:43","slug":"kezdo-oldal","status":"publish","type":"page","link":"https:\/\/rezet.kozitiv.hu\/","title":{"rendered":"Kezd\u0151 oldal"},"content":{"rendered":"\n<p>Sziasztok!<\/p>\n\n\n\n<p>A Rez\u00e9ti Hal\u00e1sz Tanya nem csak a hal\u00e1szok b\u00e1zisa volt. R\u00e9gt\u0151l j\u00e1rtak ide bar\u00e1tok, v\u00edzit\u00far\u00e1z\u00f3k.<\/p>\n\n\n\n<p>Id\u00e9n janu\u00e1r v\u00e9g\u00e9n mikor kiment\u00fcnk megn\u00e9zni, a sz\u00e9l nem tett-e k\u00e1rt benne, az a szomor\u00fa l\u00e1tv\u00e1ny fogadott benn\u00fcnket, hogy valaki felgy\u00fajtotta.<\/p>\n\n\n\n<p>Mivel p\u00e1r \u00e9ve m\u00e1r a hal\u00e1szat nem enged\u00e9lyezett itthon, anyagilag am\u00fagy is neh\u00e9z helyzetben voltunk. Saj\u00e1t er\u0151b\u0151l nem lenn\u00e9nk k\u00e9pesek rendbe tenni.<\/p>\n\n\n\n<p>Ez\u00e9rt arra k\u00e9rj\u00fck bar\u00e1tainkat, t\u00e1mogass\u00e1k a tanya \u00e9p\u00fclet\u00e9nek fel\u00faj\u00edt\u00e1s\u00e1t.<\/p>\n\n\n\n<p><a href=\"https:\/\/rezet.kozitiv.hu\/?page_id=17\" data-type=\"page\" data-id=\"17\">A t\u00e1mogat\u00e1si lehet\u0151s\u00e9geket itt tal\u00e1lj\u00e1tok.<\/a><\/p>\n","protected":false},"excerpt":{"rendered":"<p>Sziasztok! A Rez\u00e9ti Hal\u00e1sz Tanya nem csak a hal\u00e1szok b\u00e1zisa volt. R\u00e9gt\u0151l j\u00e1rtak ide bar\u00e1tok, v\u00edzit\u00far\u00e1z\u00f3k. Id\u00e9n janu\u00e1r v\u00e9g\u00e9n mikor kiment\u00fcnk megn\u00e9zni, a sz\u00e9l nem tett-e k\u00e1rt benne, az a szomor\u00fa l\u00e1tv\u00e1ny fogadott benn\u00fcnket, hogy valaki felgy\u00fajtotta. Mivel p\u00e1r \u00e9ve m\u00e1r a hal\u00e1szat nem enged\u00e9lyezett itthon, anyagilag am\u00fagy is neh\u00e9z helyzetben voltunk. Saj\u00e1t er\u0151b\u0151l nem &#8230; <a title=\"Kezd\u0151 oldal\" class=\"read-more\" href=\"https:\/\/rezet.kozitiv.hu\/\" aria-label=\"Read more about Kezd\u0151 oldal\">Read more<\/a><\/p>\n","protected":false},"author":2,"featured_media":0,"parent":0,"menu_order":10,"comment_status":"closed","ping_status":"closed","template":"","meta":{"footnotes":""},"class_list":["post-13","page","type-page","status-publish"],"_links":{"self":[{"href":"https:\/\/rezet.kozitiv.hu\/index.php?rest_route=\/wp\/v2\/pages\/13","targetHints":{"allow":["GET"]}}],"collection":[{"href":"https:\/\/rezet.kozitiv.hu\/index.php?rest_route=\/wp\/v2\/pages"}],"about":[{"href":"https:\/\/rezet.kozitiv.hu\/index.php?rest_route=\/wp\/v2\/types\/page"}],"author":[{"embeddable":true,"href":"https:\/\/rezet.kozitiv.hu\/index.php?rest_route=\/wp\/v2\/users\/2"}],"replies":[{"embeddable":true,"href":"https:\/\/rezet.kozitiv.hu\/index.php?rest_route=%2Fwp%2Fv2%2Fcomments&post=13"}],"version-history":[{"count":2,"href":"https:\/\/rezet.kozitiv.hu\/index.php?rest_route=\/wp\/v2\/pages\/13\/revisions"}],"predecessor-version":[{"id":20,"href":"https:\/\/rezet.kozitiv.hu\/index.php?rest_route=\/wp\/v2\/pages\/13\/revisions\/20"}],"wp:attachment":[{"href":"https:\/\/rezet.kozitiv.hu\/index.php?rest_route=%2Fwp%2Fv2%2Fmedia&parent=13"}],"curies":[{"name":"wp","href":"https:\/\/api.w.org\/{rel}","templated":true}]}}