{"id":17,"date":"2022-03-03T19:25:19","date_gmt":"2022-03-03T18:25:19","guid":{"rendered":"https:\/\/rezet.kozitiv.hu\/?page_id=17"},"modified":"2022-03-09T09:15:44","modified_gmt":"2022-03-09T08:15:44","slug":"tamogatas","status":"publish","type":"page","link":"https:\/\/rezet.kozitiv.hu\/?page_id=17","title":{"rendered":"T\u00e1mogat\u00e1s"},"content":{"rendered":"\n<p>Lesz lehet\u0151s\u00e9g munk\u00e1ra vagy b\u00fator adom\u00e1nyokra is, ezeket is itt fogjuk szervezni ha elj\u00f6n az ideje.<\/p>\n\n\n\n<p>De el\u0151sz\u00f6r a falakat, tet\u0151t, ny\u00edl\u00e1sz\u00e1r\u00f3kat kell helyrehozni. Ehhez pedig meg kell venni az anyagokat, ki kell fizetni a mestereket azokra a munk\u00e1kra amit magunk vagy veletek kal\u00e1k\u00e1ban nem tudn\u00e1nk megcsin\u00e1lni.<\/p>\n\n\n\n<p class=\"has-text-align-left\">Saj\u00e1t p\u00e9nz\u00fcnkb\u0151l is ford\u00edtunk erre de seg\u00edts\u00e9gre is sz\u00fcks\u00e9g\u00fcnk lesz ez\u00e9rt adom\u00e1ny gy\u0171jt\u00e9st szervez\u00fcnk. A gy\u0171jt\u00e9sre l\u00e9trehoztunk egy magyar banksz\u00e1ml\u00e1t, ahova b\u00e1rki utalhat.<\/p>\n\n\n\n<figure class=\"wp-block-pullquote\"><blockquote><p>Moln\u00e1r Zolt\u00e1nn\u00e9<br>12600016-18209685-35686043<\/p><\/blockquote><\/figure>\n\n\n\n<p>Vagy Wise-on k\u00fcldhettek p\u00e9nzt Edit nev\u00e9re.<\/p>\n\n\n\n<p class=\"has-background\" style=\"background-color:#63eb3b\"><strong>Nagyon fontos!!!<\/strong> Ezt a sz\u00e1ml\u00e1t csak \u00e9s kiz\u00e1r\u00f3lag erre haszn\u00e1ljuk. De hogy semmik\u00e9pp ne lehessen k\u00e9s\u0151bb ad\u00f3\u00fcgyi gond k\u00e9rj\u00fck a k\u00f6zlem\u00e9nybe \u00edrd bele hogy <strong>&#8220;adomany a halasz tanya megmentesere&#8221;<\/strong><br>Ami p\u00e9nz a gy\u0171jt\u00e9s ideje alatt erre a sz\u00e1ml\u00e1ra \u00e9rkezik azt az utols\u00f3 fill\u00e9rig a tany\u00e1ra k\u00f6ltj\u00fck.<\/p>\n\n\n\n<p>Ha k\u00fclf\u00f6ldr\u0151l szeretn\u00e9l utalni, a Wise EUR sz\u00e1ml\u00e1nkra tudsz. A k\u00f6zlem\u00e9nyre k\u00e9r\u00fcnk itt is figyelj.<\/p>\n\n\n\n<figure class=\"wp-block-pullquote\"><blockquote><p>Zolt\u00e1nn\u00e9 Moln\u00e1r<br>BIC: TRWIBEB1XXX<br>IBAN: BE37 9672 7257 6228<\/p><\/blockquote><\/figure>\n\n\n\n<p>Term\u00e9szetesen minden apr\u00f3 adom\u00e1nynak \u00f6r\u00fcl\u00fcnk.<\/p>\n\n\n\n<p>Ha olyan szerencs\u00e9s helyzetben vagy hogy nagyobb \u00f6sszeget adn\u00e1l, k\u00e9r\u00fcnk figyelj arra hogy az aj\u00e1nd\u00e9k vagy adom\u00e1ny 150,000 Ft-ig ad\u00f3mentes egy szem\u00e9lyt\u0151l. Teh\u00e1t ha szeretn\u00e9d hogy a teljes \u00f6sszeget a h\u00e1zra tudjuk ford\u00edtani, nagyobb \u00f6sszeget ink\u00e1bb t\u00f6bben utaljatok t\u00f6bb darabban.<\/p>\n","protected":false},"excerpt":{"rendered":"<p>Lesz lehet\u0151s\u00e9g munk\u00e1ra vagy b\u00fator adom\u00e1nyokra is, ezeket is itt fogjuk szervezni ha elj\u00f6n az ideje. De el\u0151sz\u00f6r a falakat, tet\u0151t, ny\u00edl\u00e1sz\u00e1r\u00f3kat kell helyrehozni. Ehhez pedig meg kell venni az anyagokat, ki kell fizetni a mestereket azokra a munk\u00e1kra amit magunk vagy veletek kal\u00e1k\u00e1ban nem tudn\u00e1nk megcsin\u00e1lni. Saj\u00e1t p\u00e9nz\u00fcnkb\u0151l is ford\u00edtunk erre de seg\u00edts\u00e9gre is &#8230; <a title=\"T\u00e1mogat\u00e1s\" class=\"read-more\" href=\"https:\/\/rezet.kozitiv.hu\/?page_id=17\" aria-label=\"Read more about T\u00e1mogat\u00e1s\">Read more<\/a><\/p>\n","protected":false},"author":2,"featured_media":0,"parent":0,"menu_order":11,"comment_status":"closed","ping_status":"closed","template":"","meta":{"footnotes":""},"class_list":["post-17","page","type-page","status-publish"],"_links":{"self":[{"href":"https:\/\/rezet.kozitiv.hu\/index.php?rest_route=\/wp\/v2\/pages\/17","targetHints":{"allow":["GET"]}}],"collection":[{"href":"https:\/\/rezet.kozitiv.hu\/index.php?rest_route=\/wp\/v2\/pages"}],"about":[{"href":"https:\/\/rezet.kozitiv.hu\/index.php?rest_route=\/wp\/v2\/types\/page"}],"author":[{"embeddable":true,"href":"https:\/\/rezet.kozitiv.hu\/index.php?rest_route=\/wp\/v2\/users\/2"}],"replies":[{"embeddable":true,"href":"https:\/\/rezet.kozitiv.hu\/index.php?rest_route=%2Fwp%2Fv2%2Fcomments&post=17"}],"version-history":[{"count":8,"href":"https:\/\/rezet.kozitiv.hu\/index.php?rest_route=\/wp\/v2\/pages\/17\/revisions"}],"predecessor-version":[{"id":146,"href":"https:\/\/rezet.kozitiv.hu\/index.php?rest_route=\/wp\/v2\/pages\/17\/revisions\/146"}],"wp:attachment":[{"href":"https:\/\/rezet.kozitiv.hu\/index.php?rest_route=%2Fwp%2Fv2%2Fmedia&parent=17"}],"curies":[{"name":"wp","href":"https:\/\/api.w.org\/{rel}","templated":true}]}}