{"id":34,"date":"2022-03-03T21:59:10","date_gmt":"2022-03-03T20:59:10","guid":{"rendered":"https:\/\/rezet.kozitiv.hu\/?page_id=34"},"modified":"2022-03-08T16:38:47","modified_gmt":"2022-03-08T15:38:47","slug":"kapcsolat","status":"publish","type":"page","link":"https:\/\/rezet.kozitiv.hu\/?page_id=34","title":{"rendered":"Kapcsolat"},"content":{"rendered":"\n<p>Ha k\u00e9rd\u00e9setek van, az <strong>edit059 kukac freemail pont hu<\/strong> c\u00edmen tudj\u00e1tok feltenni. Ez Edit postafi\u00f3kja, eml\u00edts\u00e9tek meg hogy a tanya megment\u00e9se \u00fcgy\u00e9ben keresitek.<\/p>\n","protected":false},"excerpt":{"rendered":"<p>Ha k\u00e9rd\u00e9setek van, az edit059 kukac freemail pont hu c\u00edmen tudj\u00e1tok feltenni. Ez Edit postafi\u00f3kja, eml\u00edts\u00e9tek meg hogy a tanya megment\u00e9se \u00fcgy\u00e9ben keresitek.<\/p>\n","protected":false},"author":2,"featured_media":0,"parent":0,"menu_order":98,"comment_status":"closed","ping_status":"closed","template":"","meta":{"footnotes":""},"class_list":["post-34","page","type-page","status-publish"],"_links":{"self":[{"href":"https:\/\/rezet.kozitiv.hu\/index.php?rest_route=\/wp\/v2\/pages\/34","targetHints":{"allow":["GET"]}}],"collection":[{"href":"https:\/\/rezet.kozitiv.hu\/index.php?rest_route=\/wp\/v2\/pages"}],"about":[{"href":"https:\/\/rezet.kozitiv.hu\/index.php?rest_route=\/wp\/v2\/types\/page"}],"author":[{"embeddable":true,"href":"https:\/\/rezet.kozitiv.hu\/index.php?rest_route=\/wp\/v2\/users\/2"}],"replies":[{"embeddable":true,"href":"https:\/\/rezet.kozitiv.hu\/index.php?rest_route=%2Fwp%2Fv2%2Fcomments&post=34"}],"version-history":[{"count":2,"href":"https:\/\/rezet.kozitiv.hu\/index.php?rest_route=\/wp\/v2\/pages\/34\/revisions"}],"predecessor-version":[{"id":125,"href":"https:\/\/rezet.kozitiv.hu\/index.php?rest_route=\/wp\/v2\/pages\/34\/revisions\/125"}],"wp:attachment":[{"href":"https:\/\/rezet.kozitiv.hu\/index.php?rest_route=%2Fwp%2Fv2%2Fmedia&parent=34"}],"curies":[{"name":"wp","href":"https:\/\/api.w.org\/{rel}","templated":true}]}}