{"id":38,"date":"2022-03-03T21:40:32","date_gmt":"2022-03-03T20:40:32","guid":{"rendered":"https:\/\/rezet.kozitiv.hu\/?page_id=38"},"modified":"2022-03-06T03:43:34","modified_gmt":"2022-03-06T02:43:34","slug":"hirek","status":"publish","type":"page","link":"https:\/\/rezet.kozitiv.hu\/?page_id=38","title":{"rendered":"H\u00edrek"},"content":{"rendered":"<ul class=\"wp-block-latest-posts__list has-dates has-author wp-block-latest-posts\"><li><a class=\"wp-block-latest-posts__post-title\" href=\"https:\/\/rezet.kozitiv.hu\/?p=256\">Harmadik l\u00e9p\u00e9s<\/a><div class=\"wp-block-latest-posts__post-author\">by Edit \u00e9s Zoli<\/div><time datetime=\"2023-11-23T16:39:17+01:00\" class=\"wp-block-latest-posts__post-date\">2023.11.23.<\/time><div class=\"wp-block-latest-posts__post-excerpt\">A felaj\u00e1nl\u00e1s amir\u0151l kor\u00e1bban besz\u00e9lt\u00fcnk, ami tov\u00e1bb l\u00f6k\u00f6tt benn\u00fcnket mikor \u00e9pp fel akartuk adni egy nagyobb mennyis\u00e9g\u0171 \u00e9p\u00edt\u00e9si faanyag amit nagyon kedvezm\u00e9nyesen int\u00e9zett egy kor\u00e1bbi t\u00e1mogat\u00f3nk. Ezzel meglesz a tet\u0151szerkezet \u00e9s mostani \u00e1ll\u00e1s szerint az \u00f6sszegy\u0171jt\u00f6tt p\u00e9nzb\u0151l be is tudjuk fedni. Azt\u00e1n j\u00f6het a t\u00f6bbi munka. Ha m\u00e1r tet\u0151 van felette, nem megy t\u00f6nkre ami &#8230; <a title=\"Harmadik l\u00e9p\u00e9s\" class=\"read-more\" href=\"https:\/\/rezet.kozitiv.hu\/?p=256\" aria-label=\"Read more about Harmadik l\u00e9p\u00e9s\">Read more<\/a><\/div><\/li>\n<li><a class=\"wp-block-latest-posts__post-title\" href=\"https:\/\/rezet.kozitiv.hu\/?p=247\">2023. \u0151sz<\/a><div class=\"wp-block-latest-posts__post-author\">by Edit \u00e9s Zoli<\/div><time datetime=\"2023-11-05T10:57:03+01:00\" class=\"wp-block-latest-posts__post-date\">2023.11.05.<\/time><div class=\"wp-block-latest-posts__post-excerpt\">\u00dajabb gal\u00e9ria ker\u00fclt fel. Ez\u00fattal egy t\u00e1mogat\u00f3nk, egy profi fot\u00f3s keze al\u00f3l.<\/div><\/li>\n<li><a class=\"wp-block-latest-posts__post-title\" href=\"https:\/\/rezet.kozitiv.hu\/?p=229\">Restart<\/a><div class=\"wp-block-latest-posts__post-author\">by Edit \u00e9s Zoli<\/div><time datetime=\"2023-11-02T06:00:00+01:00\" class=\"wp-block-latest-posts__post-date\">2023.11.02.<\/time><div class=\"wp-block-latest-posts__post-excerpt\">\u00dajabb h\u00edr van. Ez\u00fattal j\u00f3 h\u00edr. \ud83d\ude42 M\u00e9g nem teljes megold\u00e1s de az el\u0151z\u0151 kicsit pesszimista bejegyz\u00e9s ut\u00e1n j\u00f6tt egy \u00fajabb felaj\u00e1nl\u00e1s. Elkezdt\u00fcnk egy\u00fctt gondolkodni egy kor\u00e1bbi t\u00e1mogat\u00f3nkkal hogy lehetne legal\u00e1bb a legsz\u00fcks\u00e9gesebb munk\u00e1kat megcsin\u00e1lni. Ez\u00e9rt \u00fagy d\u00f6nt\u00f6tt\u00fcnk folytatjuk, az adom\u00e1nyokat egyel\u0151re nem k\u00fcldj\u00fck vissza. Csak akkor ha megint \u00fagy l\u00e1tjuk elfogyott a re\u00e1lis es\u00e9ly. &#8230; <a title=\"Restart\" class=\"read-more\" href=\"https:\/\/rezet.kozitiv.hu\/?p=229\" aria-label=\"Read more about Restart\">Read more<\/a><\/div><\/li>\n<li><a class=\"wp-block-latest-posts__post-title\" href=\"https:\/\/rezet.kozitiv.hu\/?p=225\">K\u00f6sz\u00f6nj\u00fck<\/a><div class=\"wp-block-latest-posts__post-author\">by Edit \u00e9s Zoli<\/div><time datetime=\"2023-10-24T11:05:36+01:00\" class=\"wp-block-latest-posts__post-date\">2023.10.24.<\/time><div class=\"wp-block-latest-posts__post-excerpt\">Nagyon k\u00f6sz\u00f6nj\u00fck mindenkinek aki seg\u00edteni szeretett volna. Nagyon j\u00f3lesett.De m\u00e1sf\u00e9l \u00e9vvel az ut\u00e1n hogy belekezdt\u00fcnk \u00e9s a m\u00e1sodik t\u00e9l el\u0151tt nem lenne tisztess\u00e9ges ha ak\u00e1r benneteket vagy ak\u00e1r magunkat azzal hitegetn\u00e9nk hogy meg tudjuk csin\u00e1lni. Vagy pl\u00e1ne ha eltenn\u00e9nk a tany\u00e1ra sz\u00e1nt p\u00e9nzeteket. Sok embert\u0151l kaptunk seg\u00edts\u00e9get. Anyagit is \u00e9s m\u00e1s felaj\u00e1nl\u00e1sokat is. De sajnos &#8230; <a title=\"K\u00f6sz\u00f6nj\u00fck\" class=\"read-more\" href=\"https:\/\/rezet.kozitiv.hu\/?p=225\" aria-label=\"Read more about K\u00f6sz\u00f6nj\u00fck\">Read more<\/a><\/div><\/li>\n<li><a class=\"wp-block-latest-posts__post-title\" href=\"https:\/\/rezet.kozitiv.hu\/?p=215\">\u00dajs\u00e1g van!<\/a><div class=\"wp-block-latest-posts__post-author\">by Edit \u00e9s Zoli<\/div><time datetime=\"2022-05-18T11:50:26+01:00\" class=\"wp-block-latest-posts__post-date\">2022.05.18.<\/time><div class=\"wp-block-latest-posts__post-excerpt\">Na de t\u00e9nyleg! Mondom! \ud83d\ude42 A B\u00e1cskai Napl\u00f3ban nyomtat\u00e1sban is megjelent a cikk amit Baja v\u00e1ros honlapj\u00e1n \u00edrtak r\u00f3lunk. M\u00e9g m\u00e1jus elej\u00e9n, de tudj\u00e1tok Isten majmai lassan \u0151r\u00fclnek. Mostanra siker\u00fclt bescannelni. Mint term\u00e9szet k\u00f6zeli embereknek, k\u00fcl\u00f6n \u00f6r\u00f6m hogy a Madarak \u00e9s f\u00e1k napja mell\u00e9 ker\u00fclt\u00fcnk. Itt tal\u00e1lj\u00e1tok a scannelt verzi\u00f3t. \u00c9s persze a kor\u00e1bbi h\u00edrben &#8230; <a title=\"\u00dajs\u00e1g van!\" class=\"read-more\" href=\"https:\/\/rezet.kozitiv.hu\/?p=215\" aria-label=\"Read more about \u00dajs\u00e1g van!\">Read more<\/a><\/div><\/li>\n<li><a class=\"wp-block-latest-posts__post-title\" href=\"https:\/\/rezet.kozitiv.hu\/?p=212\">Baja<\/a><div class=\"wp-block-latest-posts__post-author\">by Edit \u00e9s Zoli<\/div><time datetime=\"2022-04-12T10:29:28+01:00\" class=\"wp-block-latest-posts__post-date\">2022.04.12.<\/time><div class=\"wp-block-latest-posts__post-excerpt\">Tegnap kaptunk egy \u00fajabb kedves megkeres\u00e9st, hogy m\u00e1s csatorn\u00e1n is h\u00edr\u00fcnket vinn\u00e9k. \u00cdgy ker\u00fclt\u00fcnk fel Baja v\u00e1ros honlapj\u00e1ra. \ud83d\ude42https:\/\/baja.hu\/index.php\/aktualis-hirek\/item\/14601-meg-gyujtik-a-penzt A c\u00edmlapon nyilv\u00e1n csak m\u00fal\u00f3 ideig maradhatunk. J\u00f6nnek m\u00e1s h\u00edrek is sorban. De ez nagy seg\u00edts\u00e9g \u00e9s nem mellesleg nagy megtiszteltet\u00e9s is nek\u00fcnk.<\/div><\/li>\n<li><a class=\"wp-block-latest-posts__post-title\" href=\"https:\/\/rezet.kozitiv.hu\/?p=173\">Romeltakar\u00edt\u00e1s<\/a><div class=\"wp-block-latest-posts__post-author\">by cosy<\/div><time datetime=\"2022-03-30T21:30:09+01:00\" class=\"wp-block-latest-posts__post-date\">2022.03.30.<\/time><div class=\"wp-block-latest-posts__post-excerpt\">Mag\u00e1hoz a fel\u00faj\u00edt\u00e1shoz m\u00e9g nem tudtunk hozz\u00e1kezdeni. Tov\u00e1bbra is gy\u0171jtj\u00fck a p\u00e9nzt. De hogy ne csak az id\u0151 menjen hanem haladjunk is, szerd\u00e1n kipucoltuk a tany\u00e1t. K\u00fcl\u00f6n v\u00e1logattuk a vesz\u00e9lyes hullad\u00e9kot, a m\u0171anyagot, \u00fcveget \u00e9s a f\u00e9met. Ezek kocsival utaztak a szem\u00e9t telepre. De a legt\u00f6bb term\u00e9szetesen a bont\u00e1si t\u00f6rmel\u00e9k volt ami egy traktor ut\u00e1nfut\u00f3n &#8230; <a title=\"Romeltakar\u00edt\u00e1s\" class=\"read-more\" href=\"https:\/\/rezet.kozitiv.hu\/?p=173\" aria-label=\"Read more about Romeltakar\u00edt\u00e1s\">Read more<\/a><\/div><\/li>\n<li><a class=\"wp-block-latest-posts__post-title\" href=\"https:\/\/rezet.kozitiv.hu\/?p=147\">IBAN<\/a><div class=\"wp-block-latest-posts__post-author\">by Edit \u00e9s Zoli<\/div><time datetime=\"2022-03-09T09:23:33+01:00\" class=\"wp-block-latest-posts__post-date\">2022.03.09.<\/time><div class=\"wp-block-latest-posts__post-excerpt\">Tegnap hirdett\u00fck meg sz\u00e9lesebb k\u00f6rben a gy\u0171jt\u00e9st \u00e9s els\u0151k k\u00f6z\u00f6tt jelentkezett \u00c1gi, aki Spanyol orsz\u00e1gban \u00e9l most. Mivel neki nincs magyar bank sz\u00e1ml\u00e1ja, a Wise viszont Forintot nem tud nemzetk\u00f6zi utal\u00e1ssal fogadni, csin\u00e1ltunk egy EUR sz\u00e1ml\u00e1t is. A T\u00e1mogat\u00e1s oldalra feltett\u00fck az adatait. \/ A sz\u00e1mla adatait, persze. Nem \u00c1gi\u00e9t. Azt csak szeretn\u00e9tek. \ud83d\ude09 \/<\/div><\/li>\n<li><a class=\"wp-block-latest-posts__post-title\" href=\"https:\/\/rezet.kozitiv.hu\/?p=43\">Elindultunk<\/a><div class=\"wp-block-latest-posts__post-author\">by Edit \u00e9s Zoli<\/div><time datetime=\"2022-03-03T21:38:36+01:00\" class=\"wp-block-latest-posts__post-date\">2022.03.03.<\/time><div class=\"wp-block-latest-posts__post-excerpt\">Tegnap elk\u00e9sz\u00fclt a Wise banksz\u00e1ml\u00e1nk \u00e9s ma publik\u00e1ltuk az adom\u00e1ny gy\u0171jt\u0151 oldalunk els\u0151 v\u00e1ltozat\u00e1t.Sokat fog csinosodni m\u00e9g \u00e9s igyeksz\u00fcnk k\u00e9peket felt\u00f6lteni az &#8220;ilyen volt&#8230; ilyen lett&#8221; \u00f6sszehasonl\u00edt\u00e1shoz.<\/div><\/li>\n<\/ul>\n\n\n<p><\/p>\n","protected":false},"excerpt":{"rendered":"","protected":false},"author":2,"featured_media":0,"parent":0,"menu_order":12,"comment_status":"closed","ping_status":"closed","template":"","meta":{"footnotes":""},"class_list":["post-38","page","type-page","status-publish"],"_links":{"self":[{"href":"https:\/\/rezet.kozitiv.hu\/index.php?rest_route=\/wp\/v2\/pages\/38","targetHints":{"allow":["GET"]}}],"collection":[{"href":"https:\/\/rezet.kozitiv.hu\/index.php?rest_route=\/wp\/v2\/pages"}],"about":[{"href":"https:\/\/rezet.kozitiv.hu\/index.php?rest_route=\/wp\/v2\/types\/page"}],"author":[{"embeddable":true,"href":"https:\/\/rezet.kozitiv.hu\/index.php?rest_route=\/wp\/v2\/users\/2"}],"replies":[{"embeddable":true,"href":"https:\/\/rezet.kozitiv.hu\/index.php?rest_route=%2Fwp%2Fv2%2Fcomments&post=38"}],"version-history":[{"count":2,"href":"https:\/\/rezet.kozitiv.hu\/index.php?rest_route=\/wp\/v2\/pages\/38\/revisions"}],"predecessor-version":[{"id":47,"href":"https:\/\/rezet.kozitiv.hu\/index.php?rest_route=\/wp\/v2\/pages\/38\/revisions\/47"}],"wp:attachment":[{"href":"https:\/\/rezet.kozitiv.hu\/index.php?rest_route=%2Fwp%2Fv2%2Fmedia&parent=38"}],"curies":[{"name":"wp","href":"https:\/\/api.w.org\/{rel}","templated":true}]}}